{"id":2833,"date":"2025-09-02T19:48:11","date_gmt":"2025-09-02T19:48:11","guid":{"rendered":"https:\/\/cancer.southcoast.org\/?page_id=2833"},"modified":"2025-09-02T19:48:43","modified_gmt":"2025-09-02T19:48:43","slug":"lung-cancer-screening-program","status":"publish","type":"page","link":"https:\/\/cancer.southcoast.org\/pt\/lung-cancer\/lung-cancer-screening-program\/","title":{"rendered":"Programa de rastreio do cancro do pulm\u00e3o"},"content":{"rendered":"<div  class=\"blockSettings    hero-main-block show-breadcrumbs\" style=\"\"><div class=\"background\"><\/div>\n<div class=\"container\">\n\n    <div class=\"breadcrumbsWrapper desktop-breadcrumbs\"><nav id=\"breadcrumbs\" aria-label=\"P\u00e3o ralado\"><ol><li><a href=\"https:\/\/cancer.southcoast.org\/pt\/\"><i class=\"fa-regular fa-house\"><\/i><span class=\"visually-hidden\">In\u00edcio<\/span><\/a><\/li><\/ol><\/nav><\/div><div class=\"breadcrumbsWrapper mobile-breadcrumbs\"><p id=\"mobile-breadcrumbs\"><span><span><a href=\"https:\/\/cancer.southcoast.org\/pt\"><i class=\"far fa-home\"><\/i><\/a><\/span> <i class=\"fa-solid fa-chevron-right separator\"><\/i> <span><a href=\"https:\/\/cancer.southcoast.org\/pt\/lung-cancer\/\">Cancro do pulm\u00e3o<\/a><\/span><\/span><\/p><\/div>    <div class=\"grid\">\n        <div class=\"col-bleed-y\">\n            <div class=\"inner-wrap\">\n                <div class=\"content-col\">\n                                            <h1>Programa de rastreio do cancro do pulm\u00e3o<\/h1>\n                                        <div class=\"copy-wrap\">\n                                                    <p>Na Southcoast Health, oferecemos rastreios do cancro do pulm\u00e3o para aumentar as suas hip\u00f3teses de dete\u00e7\u00e3o e tratamento precoces. Oferecemos exames de TAC de baixa dose (LDCT), um teste de rastreio coberto pela maioria dos seguros, para pacientes com um risco elevado de desenvolver cancro do pulm\u00e3o. Estamos empenhados em prestar servi\u00e7os respons\u00e1veis de rastreio e preven\u00e7\u00e3o do cancro do pulm\u00e3o a todos os membros da comunidade.<\/p>\n                                            <\/div>\n                                    <\/div>\n                <div class=\"media-col\">\n                                            <img\n                            class=\"main-img\"\n                            src=\"https:\/\/cancer.southcoast.org\/wp-content\/uploads\/sites\/5\/2025\/08\/Colorectal-Cancer-Diagram.jpg\"\n                                                        srcset=\"https:\/\/cancer.southcoast.org\/wp-content\/uploads\/sites\/5\/2025\/08\/Colorectal-Cancer-Diagram.jpg 2065w, https:\/\/cancer.southcoast.org\/wp-content\/uploads\/sites\/5\/2025\/08\/Colorectal-Cancer-Diagram-300x211.jpg 300w, https:\/\/cancer.southcoast.org\/wp-content\/uploads\/sites\/5\/2025\/08\/Colorectal-Cancer-Diagram-1024x720.jpg 1024w, https:\/\/cancer.southcoast.org\/wp-content\/uploads\/sites\/5\/2025\/08\/Colorectal-Cancer-Diagram-768x540.jpg 768w, https:\/\/cancer.southcoast.org\/wp-content\/uploads\/sites\/5\/2025\/08\/Colorectal-Cancer-Diagram-1536x1080.jpg 1536w, https:\/\/cancer.southcoast.org\/wp-content\/uploads\/sites\/5\/2025\/08\/Colorectal-Cancer-Diagram-2048x1440.jpg 2048w\"\n                            sizes=\"(max-width: 768px) 100vw, (max-width: 1200px) 50vw, 800px\"\n                                                        alt=\"\"\n                            loading=\"eager\"\n                            decoding=\"async\"\n                            fetchpriority=\"high\">\n                                                            <img decoding=\"async\" class=\"corner-art\" src=\"https:\/\/cancer.southcoast.org\/wp-content\/themes\/southcoast_multisite\/images\/corner-art.svg\">\n                <\/div>\n            <\/div>\n        <\/div>\n    <\/div>\n<\/div>\n\n<script>\n    document.querySelectorAll('.play-button').forEach(button => {\n        button.addEventListener('click', function() {\n            const modal = this.nextElementSibling;\n            modal.style.display = 'block';\n            document.body.style.overflow = 'hidden';\n        });\n    });\n\n    document.querySelectorAll('.close-modal, .modal-overlay').forEach(element => {\n        element.addEventListener('click', function() {\n            const modal = this.closest('.video-modal');\n            modal.style.display = 'none';\n            document.body.style.overflow = '';\n        });\n    });\n<\/script>\n<\/div>\n\n\n<div  class=\"blockSettings  paddingTopMD paddingBottomMD multiple-media-object-block light\" style=\"background-color:#fff;\"><div class=\"container\">\n    <div class=\"grid\">\n        <div class=\"col-sm-12\">\n            <div class=\"inner left disc\">\n                <div class=\"copy\">\n                        <div class=\"mainCopyWrap\">\n            <h2>O cancro do pulm\u00e3o pode ser detectado precocemente?<\/h2>\n    <div class=\"paragraphWrap\"><p>O rastreio do cancro do pulm\u00e3o permite ao seu prestador de cuidados de sa\u00fade testar e detetar doen\u00e7as que podem ainda n\u00e3o causar sintomas. Southcoast Health utiliza um teste conhecido como TAC de baixa dose (LDCT) para pessoas com maior risco de contrair cancro do pulm\u00e3o. Os exames LDCT podem ajudar a encontrar \u00e1reas anormais nos pulm\u00f5es que est\u00e3o associadas ao cancro. A utiliza\u00e7\u00e3o de exames LDCT para rastrear pessoas com maior risco de cancro do pulm\u00e3o tem demonstrado salvar vidas. Para as pessoas de alto risco, a realiza\u00e7\u00e3o anual de exames LDCT antes do in\u00edcio dos sintomas reduz o risco de morte por cancro do pulm\u00e3o.<\/p>\n<p>&nbsp;<\/p>\n<\/div>    <\/div>\n    \n                <\/div>\n                <div class=\"images onlyImage\">\n                                            <img decoding=\"async\" class=\"first\" src=\"https:\/\/cancer.southcoast.org\/wp-content\/uploads\/sites\/5\/2025\/09\/Lung-Cancer-Stock-scaled.jpg\" alt=\"\">\n                                                                            <\/div>\n\n            <\/div>\n        <\/div>\n    <\/div>\n<\/div>\n<\/div>\n\n\n<div  class=\"blockSettings  paddingTopMD paddingBottomMD media-object-block light\" style=\"\"><div class=\"container\">\n\t<div class=\"grid\">\n\t\t<div class=\"col-sm-12\">\n\t\t\t<div class=\"inner image-right list-style-disc inner-white-bg\" style=\"background-color: #fff;\">\n\t\t\t\t<div class=\"copy\">\n\t\t\t\t\t    <div class=\"mainCopyWrap\">\n            <h2>Raz\u00f5es para fazer o rastreio - Factores de alto risco<\/h2>\n    <div class=\"paragraphWrap\"><p>O tabagismo \u00e9 o principal fator de risco do cancro do pulm\u00e3o. Oitenta por cento das mortes por cancro do pulm\u00e3o s\u00e3o atribu\u00eddas ao tabagismo. Se fuma atualmente ou se fumou nos \u00faltimos 15 anos, tem um risco mais elevado de desenvolver cancro do pulm\u00e3o.<\/p>\n<\/div>    <\/div>\n    \t\t\t\t<\/div>\n\t\t\t\t\t\t\t\t<div class=\"images\">\n\t\t\t\t\t\t<img decoding=\"async\" class=\"single\" src=\"https:\/\/cancer.southcoast.org\/wp-content\/uploads\/sites\/5\/2025\/09\/Antoinette-Muray-Lung-Cancer-Patient.png\" alt=\"\">\n\t\t\t\t\t\t\t\t\t\t<\/div>\n\t\t\t\t\n\t\t\t<\/div>\n\t\t<\/div>\n\t<\/div>\n<\/div>\n<\/div>\n\n\n<div  class=\"blockSettings  paddingTopSM paddingBottomNone media-object-block light\" style=\"background-color:#E9F7F4;\"><div class=\"container\">\n\t<div class=\"grid\">\n\t\t<div class=\"col-sm-12\">\n\t\t\t<div class=\"inner image-left list-style-disc inner-bg\" style=\"background-color: #E9F7F4;\">\n\t\t\t\t<div class=\"copy\">\n\t\t\t\t\t    <div class=\"mainCopyWrap\">\n            <h2>Quando falar com o seu m\u00e9dico sobre o rastreio do cancro do pulm\u00e3o<\/h2>\n    <div class=\"paragraphWrap\"><p>Para se submeter a um exame de despistagem, deve preencher os seguintes crit\u00e9rios:<\/p>\n<ul class=\"wp-block-list\">\n<li>Idade 50-80 anos<\/li>\n<li>Hist\u00f3ria de tabagismo igual ou superior a 20 anos-ma\u00e7o<\/li>\n<li>Se for ex-fumador e tiver deixado de fumar nos \u00faltimos 15 anos<\/li>\n<li>Nenhum exame de TC tor\u00e1cica no \u00faltimo ano<\/li>\n<\/ul>\n<\/div>    <\/div>\n        <div class=\"ctaWrap\">\n                    <a aria-label=\"link para solicitar uma consulta de pr\u00e9-triagem\" class=\"mainCTA shadow light1\" href=\"https:\/\/forms.office.com\/Pages\/ResponsePage.aspx?id=Sej3q5FBB0y0OprJmN6RMclAeCjkN8xJn-t0uZsMPE5UOE0xVFY1WUpYWVRRV00zNlkzQUo4SktFQS4u&#038;wdLOR=c04C6FCB2-64A7-4ACC-8223-983A16CA574F\" target=\"_blank\" title=\"Abre Solicitar uma consulta de pr\u00e9-triagem em uma nova guia ou janela\" rel=\"noopener noreferrer\">Solicitar uma consulta de pr\u00e9-sele\u00e7\u00e3o<span class=\"fa-regular fa-up-right-from-square\"><\/span><\/a>            <\/div>\n    \t\t\t\t<\/div>\n\t\t\t\t\t\t\t\t<div class=\"images\">\n\t\t\t\t\t\t<img decoding=\"async\" class=\"single\" src=\"https:\/\/cancer.southcoast.org\/wp-content\/uploads\/sites\/5\/2025\/08\/PET-CT-Machine-2025-scaled.jpg\" alt=\"\">\n\t\t\t\t\t\t\t\t\t\t<\/div>\n\t\t\t\t\n\t\t\t<\/div>\n\t\t<\/div>\n\t<\/div>\n<\/div>\n<\/div>\n\n\n<div id=\"\" class=\"bannerFluidTwo paddingTopSM paddingBottomNone\">\n    \n        <div class=\"grid\">\n            <div class=\"col-sm-12 col-bleed\">\n                <div class=\"banner-content-wrap  darkTheme\" style=\" \">\n                    \n                                            <div class=\"overlay\" style=\"\"><\/div>\n                    \n                    <div class=\"banner-content container\">\n                            <div class=\"mainCopyWrap\">\n        <div class=\"paragraphWrap\"><p>Para solicitar mais informa\u00e7\u00f5es sobre o nosso Programa de Rastreio, ligue para 508-973-7579, envie um e-mail para CTLungScreening@southcoast.org ou fale com o seu prestador de cuidados prim\u00e1rios.<\/p><\/div>    <\/div>\n                                <div class=\"ctaWrap\">\n                    <a aria-label=\"link para o e-mail para mais informa\u00e7\u00f5es\" class=\"mainCTA shadow dark1\" href=\"mailto:CTLungScreening@southcoast.org\" target=\"_blank\" title=\"Abre o e-mail para mais informa\u00e7\u00f5es num novo separador ou janela\" rel=\"noopener noreferrer\">E-mail para mais informa\u00e7\u00f5es<span class=\"fa-regular fa-up-right-from-square\"><\/span><\/a>                    <a aria-label=\"liga\u00e7\u00e3o para o convite para mais informa\u00e7\u00f5es\" class=\"mainCTA shadow dark2\" href=\"tel:5089737579\" target=\"_blank\" title=\"Abre o convite para mais informa\u00e7\u00f5es num novo separador ou janela\" rel=\"noopener noreferrer\">Ligar para mais informa\u00e7\u00f5es<span class=\"fa-regular fa-up-right-from-square\"><\/span><\/a>            <\/div>\n    \n                    <\/div>\n                <\/div>\n            <\/div>\n        <\/div>\n\n        <\/div>","protected":false},"excerpt":{"rendered":"","protected":false},"author":11,"featured_media":0,"parent":2015,"menu_order":0,"comment_status":"closed","ping_status":"closed","template":"","meta":{"_acf_changed":false,"footnotes":""},"class_list":["post-2833","page","type-page","status-publish","hentry"],"acf":[],"yoast_head":"<!-- This site is optimized with the Yoast SEO plugin v26.0 - https:\/\/yoast.com\/wordpress\/plugins\/seo\/ -->\n<title>Lung Cancer Screening Program - Cancer Care<\/title>\n<meta name=\"description\" content=\"Southcoast Health provides expert diagnosis and personalized treatment for pelvic and urinary cancers across MA &amp; RI, for both men and women.\" \/>\n<meta name=\"robots\" content=\"index, follow, max-snippet:-1, max-image-preview:large, max-video-preview:-1\" \/>\n<link rel=\"canonical\" href=\"https:\/\/cancer.southcoast.org\/pt\/lung-cancer\/lung-cancer-screening-program\/\" \/>\n<meta property=\"og:locale\" content=\"pt_PT\" \/>\n<meta property=\"og:type\" content=\"article\" \/>\n<meta property=\"og:title\" content=\"Lung Cancer Screening Program - Cancer Care\" \/>\n<meta property=\"og:description\" content=\"Southcoast Health provides expert diagnosis and personalized treatment for pelvic and urinary cancers across MA &amp; RI, for both men and women.\" \/>\n<meta property=\"og:url\" content=\"https:\/\/cancer.southcoast.org\/pt\/lung-cancer\/lung-cancer-screening-program\/\" \/>\n<meta property=\"og:site_name\" content=\"Cancer Care\" \/>\n<meta property=\"article:modified_time\" content=\"2025-09-02T19:48:43+00:00\" \/>\n<meta name=\"twitter:card\" content=\"summary_large_image\" \/>\n<script type=\"application\/ld+json\" class=\"yoast-schema-graph\">{\"@context\":\"https:\/\/schema.org\",\"@graph\":[{\"@type\":\"WebPage\",\"@id\":\"https:\/\/cancer.southcoast.org\/lung-cancer\/lung-cancer-screening-program\/\",\"url\":\"https:\/\/cancer.southcoast.org\/lung-cancer\/lung-cancer-screening-program\/\",\"name\":\"Lung Cancer Screening Program - Cancer Care\",\"isPartOf\":{\"@id\":\"https:\/\/cancer.southcoast.org\/#website\"},\"datePublished\":\"2025-09-02T19:48:11+00:00\",\"dateModified\":\"2025-09-02T19:48:43+00:00\",\"description\":\"Southcoast Health provides expert diagnosis and personalized treatment for pelvic and urinary cancers across MA & RI, for both men and women.\",\"breadcrumb\":{\"@id\":\"https:\/\/cancer.southcoast.org\/lung-cancer\/lung-cancer-screening-program\/#breadcrumb\"},\"inLanguage\":\"pt-PT\",\"potentialAction\":[{\"@type\":\"ReadAction\",\"target\":[\"https:\/\/cancer.southcoast.org\/lung-cancer\/lung-cancer-screening-program\/\"]}]},{\"@type\":\"BreadcrumbList\",\"@id\":\"https:\/\/cancer.southcoast.org\/lung-cancer\/lung-cancer-screening-program\/#breadcrumb\",\"itemListElement\":[{\"@type\":\"ListItem\",\"position\":1,\"name\":\"\",\"item\":\"https:\/\/cancer.southcoast.org\/\"},{\"@type\":\"ListItem\",\"position\":2,\"name\":\"Lung Cancer\",\"item\":\"https:\/\/cancer.southcoast.org\/lung-cancer\/\"},{\"@type\":\"ListItem\",\"position\":3,\"name\":\"Lung Cancer Screening Program\"}]},{\"@type\":\"WebSite\",\"@id\":\"https:\/\/cancer.southcoast.org\/#website\",\"url\":\"https:\/\/cancer.southcoast.org\/\",\"name\":\"Cancer Care\",\"description\":\"\",\"potentialAction\":[{\"@type\":\"SearchAction\",\"target\":{\"@type\":\"EntryPoint\",\"urlTemplate\":\"https:\/\/cancer.southcoast.org\/?s={search_term_string}\"},\"query-input\":{\"@type\":\"PropertyValueSpecification\",\"valueRequired\":true,\"valueName\":\"search_term_string\"}}],\"inLanguage\":\"pt-PT\"}]}<\/script>\n<!-- \/ Yoast SEO plugin. -->","yoast_head_json":{"title":"Programa de rastreio do cancro do pulm\u00e3o - Cuidados oncol\u00f3gicos","description":"Southcoast Health fornece diagn\u00f3stico especializado e tratamento personalizado para cancros p\u00e9lvicos e urin\u00e1rios em MA e RI, tanto para homens como para mulheres.","robots":{"index":"index","follow":"follow","max-snippet":"max-snippet:-1","max-image-preview":"max-image-preview:large","max-video-preview":"max-video-preview:-1"},"canonical":"https:\/\/cancer.southcoast.org\/pt\/lung-cancer\/lung-cancer-screening-program\/","og_locale":"pt_PT","og_type":"article","og_title":"Lung Cancer Screening Program - Cancer Care","og_description":"Southcoast Health provides expert diagnosis and personalized treatment for pelvic and urinary cancers across MA & RI, for both men and women.","og_url":"https:\/\/cancer.southcoast.org\/pt\/lung-cancer\/lung-cancer-screening-program\/","og_site_name":"Cancer Care","article_modified_time":"2025-09-02T19:48:43+00:00","twitter_card":"summary_large_image","schema":{"@context":"https:\/\/schema.org","@graph":[{"@type":"WebPage","@id":"https:\/\/cancer.southcoast.org\/lung-cancer\/lung-cancer-screening-program\/","url":"https:\/\/cancer.southcoast.org\/lung-cancer\/lung-cancer-screening-program\/","name":"Programa de rastreio do cancro do pulm\u00e3o - Cuidados oncol\u00f3gicos","isPartOf":{"@id":"https:\/\/cancer.southcoast.org\/#website"},"datePublished":"2025-09-02T19:48:11+00:00","dateModified":"2025-09-02T19:48:43+00:00","description":"Southcoast Health fornece diagn\u00f3stico especializado e tratamento personalizado para cancros p\u00e9lvicos e urin\u00e1rios em MA e RI, tanto para homens como para mulheres.","breadcrumb":{"@id":"https:\/\/cancer.southcoast.org\/lung-cancer\/lung-cancer-screening-program\/#breadcrumb"},"inLanguage":"pt-PT","potentialAction":[{"@type":"ReadAction","target":["https:\/\/cancer.southcoast.org\/lung-cancer\/lung-cancer-screening-program\/"]}]},{"@type":"BreadcrumbList","@id":"https:\/\/cancer.southcoast.org\/lung-cancer\/lung-cancer-screening-program\/#breadcrumb","itemListElement":[{"@type":"ListItem","position":1,"name":"","item":"https:\/\/cancer.southcoast.org\/"},{"@type":"ListItem","position":2,"name":"Lung Cancer","item":"https:\/\/cancer.southcoast.org\/lung-cancer\/"},{"@type":"ListItem","position":3,"name":"Lung Cancer Screening Program"}]},{"@type":"WebSite","@id":"https:\/\/cancer.southcoast.org\/#website","url":"https:\/\/cancer.southcoast.org\/","name":"Cuidados com o cancro","description":"","potentialAction":[{"@type":"SearchAction","target":{"@type":"EntryPoint","urlTemplate":"https:\/\/cancer.southcoast.org\/?s={search_term_string}"},"query-input":{"@type":"PropertyValueSpecification","valueRequired":true,"valueName":"search_term_string"}}],"inLanguage":"pt-PT"}]}},"_links":{"self":[{"href":"https:\/\/cancer.southcoast.org\/pt\/wp-json\/wp\/v2\/pages\/2833","targetHints":{"allow":["GET"]}}],"collection":[{"href":"https:\/\/cancer.southcoast.org\/pt\/wp-json\/wp\/v2\/pages"}],"about":[{"href":"https:\/\/cancer.southcoast.org\/pt\/wp-json\/wp\/v2\/types\/page"}],"author":[{"embeddable":true,"href":"https:\/\/cancer.southcoast.org\/pt\/wp-json\/wp\/v2\/users\/11"}],"replies":[{"embeddable":true,"href":"https:\/\/cancer.southcoast.org\/pt\/wp-json\/wp\/v2\/comments?post=2833"}],"version-history":[{"count":3,"href":"https:\/\/cancer.southcoast.org\/pt\/wp-json\/wp\/v2\/pages\/2833\/revisions"}],"predecessor-version":[{"id":2880,"href":"https:\/\/cancer.southcoast.org\/pt\/wp-json\/wp\/v2\/pages\/2833\/revisions\/2880"}],"up":[{"embeddable":true,"href":"https:\/\/cancer.southcoast.org\/pt\/wp-json\/wp\/v2\/pages\/2015"}],"wp:attachment":[{"href":"https:\/\/cancer.southcoast.org\/pt\/wp-json\/wp\/v2\/media?parent=2833"}],"curies":[{"name":"wp","href":"https:\/\/api.w.org\/{rel}","templated":true}]}}