{"id":2808,"date":"2025-08-22T16:51:58","date_gmt":"2025-08-22T16:51:58","guid":{"rendered":"https:\/\/cancer.test-southcoast-health-multi.southcoast-health.org\/?page_id=2808"},"modified":"2025-08-22T16:51:59","modified_gmt":"2025-08-22T16:51:59","slug":"colorectal-cancer","status":"publish","type":"page","link":"https:\/\/cancer.southcoast.org\/pt\/digestive-cancer\/colorectal-cancer\/","title":{"rendered":"Cancro colorrectal"},"content":{"rendered":"<div  class=\"blockSettings    hero-main-block show-breadcrumbs\" style=\"\"><div class=\"background\"><\/div>\n<div class=\"container\">\n\n    <div class=\"breadcrumbsWrapper desktop-breadcrumbs\"><nav id=\"breadcrumbs\" aria-label=\"P\u00e3o ralado\"><ol><li><a href=\"https:\/\/cancer.southcoast.org\/pt\/\"><i class=\"fa-regular fa-house\"><\/i><span class=\"visually-hidden\">In\u00edcio<\/span><\/a><\/li><\/ol><\/nav><\/div><div class=\"breadcrumbsWrapper mobile-breadcrumbs\"><p id=\"mobile-breadcrumbs\"><span><span><a href=\"https:\/\/cancer.southcoast.org\/pt\"><i class=\"far fa-home\"><\/i><\/a><\/span> <i class=\"fa-solid fa-chevron-right separator\"><\/i> <span><a href=\"https:\/\/cancer.southcoast.org\/pt\/digestive-cancer\/\">Cancro do aparelho digestivo<\/a><\/span><\/span><\/p><\/div>    <div class=\"grid\">\n        <div class=\"col-bleed-y\">\n            <div class=\"inner-wrap\">\n                <div class=\"content-col\">\n                                            <h1>Cancro colorrectal<\/h1>\n                                        <div class=\"copy-wrap\">\n                                                    <p>O cancro colorrectal \u00e9 um dos cancros mais frequentemente diagnosticados e a segunda principal causa de morte por cancro nos Estados Unidos, afectando tanto homens como mulheres. Em m\u00e9dia, um em cada 22 homens e uma em cada 24 mulheres correm o risco de desenvolver cancro colorrectal ao longo da sua vida - de acordo com a American Cancer Society.<\/p>\n                                            <\/div>\n                                    <\/div>\n                <div class=\"media-col\">\n                                            <img\n                            class=\"main-img\"\n                            src=\"https:\/\/cancer.southcoast.org\/wp-content\/uploads\/sites\/5\/2025\/08\/Colorectal-Cancer-Diagram.jpg\"\n                                                        srcset=\"https:\/\/cancer.southcoast.org\/wp-content\/uploads\/sites\/5\/2025\/08\/Colorectal-Cancer-Diagram.jpg 2065w, https:\/\/cancer.southcoast.org\/wp-content\/uploads\/sites\/5\/2025\/08\/Colorectal-Cancer-Diagram-300x211.jpg 300w, https:\/\/cancer.southcoast.org\/wp-content\/uploads\/sites\/5\/2025\/08\/Colorectal-Cancer-Diagram-1024x720.jpg 1024w, https:\/\/cancer.southcoast.org\/wp-content\/uploads\/sites\/5\/2025\/08\/Colorectal-Cancer-Diagram-768x540.jpg 768w, https:\/\/cancer.southcoast.org\/wp-content\/uploads\/sites\/5\/2025\/08\/Colorectal-Cancer-Diagram-1536x1080.jpg 1536w, https:\/\/cancer.southcoast.org\/wp-content\/uploads\/sites\/5\/2025\/08\/Colorectal-Cancer-Diagram-2048x1440.jpg 2048w\"\n                            sizes=\"(max-width: 768px) 100vw, (max-width: 1200px) 50vw, 800px\"\n                                                        alt=\"\"\n                            loading=\"eager\"\n                            decoding=\"async\"\n                            fetchpriority=\"high\">\n                                                            <img decoding=\"async\" class=\"corner-art\" src=\"https:\/\/cancer.southcoast.org\/wp-content\/themes\/southcoast_multisite\/images\/corner-art.svg\">\n                <\/div>\n            <\/div>\n        <\/div>\n    <\/div>\n<\/div>\n\n<script>\n    document.querySelectorAll('.play-button').forEach(button => {\n        button.addEventListener('click', function() {\n            const modal = this.nextElementSibling;\n            modal.style.display = 'block';\n            document.body.style.overflow = 'hidden';\n        });\n    });\n\n    document.querySelectorAll('.close-modal, .modal-overlay').forEach(element => {\n        element.addEventListener('click', function() {\n            const modal = this.closest('.video-modal');\n            modal.style.display = 'none';\n            document.body.style.overflow = '';\n        });\n    });\n<\/script>\n<\/div>\n\n\n<div  class=\"blockSettings  paddingTopMD paddingBottomMD multiple-media-object-block light\" style=\"background-color:#fff;\"><div class=\"container\">\n    <div class=\"grid\">\n        <div class=\"col-sm-12\">\n            <div class=\"inner left disc\">\n                <div class=\"copy\">\n                        <div class=\"mainCopyWrap\">\n            <h2>O que \u00e9 o cancro colorrectal?<\/h2>\n    <div class=\"paragraphWrap\"><p>O cancro colorrectal \u00e9 um cancro que se encontra no c\u00f3lon ou no reto, que constituem o intestino grosso. Geralmente, come\u00e7a no revestimento interno do c\u00f3lon ou do reto como um crescimento ou p\u00f3lipo. Embora nem todos se tornem cancerosos, os p\u00f3lipos podem transformar-se em cancro com o tempo. Os p\u00f3lipos pr\u00e9-cancerosos s\u00e3o tamb\u00e9m conhecidos como p\u00f3lipos adenomatosos ou adenomas e t\u00eam mais de 1 cm. Se o cancro se formar num destes p\u00f3lipos, pode crescer ao longo do tempo para a parede do c\u00f3lon ou do reto, que \u00e9 constitu\u00edda por v\u00e1rias camadas. Se o cancro colorrectal come\u00e7ar na camada mais interna, pode crescer e espalhar-se para fora para algumas ou todas as outras camadas. Quando estas c\u00e9lulas cancerosas se encontram na parede, podem transformar-se em vasos sangu\u00edneos ou vasos linf\u00e1ticos, que podem deslocar-se para os g\u00e2nglios linf\u00e1ticos pr\u00f3ximos ou para outras partes do corpo, espalhando o cancro.<\/p>\n<p>&nbsp;<\/p>\n<\/div>    <\/div>\n    \n                <\/div>\n                <div class=\"images\">\n                                            <img decoding=\"async\" class=\"first\" src=\"https:\/\/cancer.southcoast.org\/wp-content\/uploads\/sites\/5\/2025\/08\/Stomach-Pain.jpg\" alt=\"\">\n                                                                <img decoding=\"async\" class=\"second\" src=\"https:\/\/cancer.southcoast.org\/wp-content\/uploads\/sites\/5\/2025\/08\/Schedule-Colonoscopy-Reminder.jpg\" alt=\"\">\n                                                                <img decoding=\"async\" class=\"third\" src=\"https:\/\/cancer.southcoast.org\/wp-content\/uploads\/sites\/5\/2025\/08\/Colonoscopy-Sock-Colorectal-Cancer-scaled.jpg\" alt=\"\">\n                                    <\/div>\n\n            <\/div>\n        <\/div>\n    <\/div>\n<\/div>\n<\/div>\n\n\n<div  class=\"blockSettings  paddingTopMD paddingBottomMD media-object-block light\" style=\"\"><div class=\"container\">\n\t<div class=\"grid\">\n\t\t<div class=\"col-sm-12\">\n\t\t\t<div class=\"inner image-right list-style-disc inner-bg\" style=\"background-color: #E9F7F4;\">\n\t\t\t\t<div class=\"copy\">\n\t\t\t\t\t    <div class=\"mainCopyWrap\">\n            <h2>Factores de risco do cancro colorrectal<\/h2>\n    <div class=\"paragraphWrap\"><p>Algumas pessoas t\u00eam maior probabilidade de desenvolver cancro colorrectal devido a determinados factores de risco, que incluem os seguintes<\/p>\n<ul class=\"wp-block-list\">\n<li>Hist\u00f3ria familiar de cancro colorrectal ou p\u00f3lipos<\/li>\n<li>Hist\u00f3ria pessoal de cancro<\/li>\n<li>Sofre de colite ulcerosa ou doen\u00e7a de Crohn<\/li>\n<li>Dieta pouco saud\u00e1vel<\/li>\n<li>Inatividade e obesidade<\/li>\n<li>Fumar cigarros<\/li>\n<li>Mais de 50 anos<\/li>\n<\/ul>\n<p>N\u00e3o \u00e9 poss\u00edvel controlar alguns factores de risco, mas pode evitar h\u00e1bitos pouco saud\u00e1veis que o colocam em maior risco.  Tente fazer uma dieta mais saud\u00e1vel, ser mais ativo e deixar de fumar para reduzir o seu risco de cancro colorrectal.<\/p>\n<\/div>    <\/div>\n    \t\t\t\t<\/div>\n\t\t\t\t\t\t\t\t<div class=\"images\">\n\t\t\t\t\t\t<img decoding=\"async\" class=\"single\" src=\"https:\/\/cancer.southcoast.org\/wp-content\/uploads\/sites\/5\/2025\/08\/Heart-and-Vascular-More-Than-Medicine-Commercial-Patients-Smiling-scaled.jpg\" alt=\"\">\n\t\t\t\t\t\t\t\t\t\t<\/div>\n\t\t\t\t\n\t\t\t<\/div>\n\t\t<\/div>\n\t<\/div>\n<\/div>\n<\/div>\n\n\n<div  class=\"blockSettings  paddingTopSM paddingBottomSM media-object-block light\" style=\"\"><div class=\"container\">\n\t<div class=\"grid\">\n\t\t<div class=\"col-sm-12\">\n\t\t\t<div class=\"inner image-left list-style-disc inner-white-bg\" style=\"background-color: #fff;\">\n\t\t\t\t<div class=\"copy\">\n\t\t\t\t\t    <div class=\"mainCopyWrap\">\n            <h2>Quando consultar um m\u00e9dico<\/h2>\n    <div class=\"paragraphWrap\"><p>Nas fases iniciais do cancro colorrectal, pode n\u00e3o haver sinais de sintomas. No entanto, com o tempo, podem surgir os seguintes sintomas:<\/p>\n<ul class=\"wp-block-list\">\n<li>Altera\u00e7\u00f5es dos movimentos intestinais: obstipa\u00e7\u00e3o, diarreia ou altera\u00e7\u00e3o da consist\u00eancia das fezes<\/li>\n<li>Desconforto abdominal frequente: c\u00e3ibras, gases, dor, sensa\u00e7\u00e3o de plenitude ou incha\u00e7o<\/li>\n<li>Hemorragia rectal: sangue vermelho vivo ou escuro nas fezes<\/li>\n<li>N\u00e1useas, v\u00f3mitos e perda s\u00fabita de peso<\/li>\n<li>Fraqueza e fadiga<\/li>\n<\/ul>\n<p>Se tiver algum destes sintomas, contacte qualquer um dos nossos m\u00e9dicos em Southcoast Health. Podemos recomendar um exame f\u00edsico, an\u00e1lises ao sangue, colonoscopia ou outros para diagnosticar os seus sintomas.<\/p>\n<\/div>    <\/div>\n    \t\t\t\t<\/div>\n\t\t\t\t\t\t\t\t<div class=\"images\">\n\t\t\t\t\t\t<img decoding=\"async\" class=\"single\" src=\"https:\/\/cancer.southcoast.org\/wp-content\/uploads\/sites\/5\/2025\/07\/b28fcc57a96575f2f691b9868b03a0d9911a33b0-1-scaled.jpg\" alt=\"\">\n\t\t\t\t\t\t\t\t\t\t<\/div>\n\t\t\t\t\n\t\t\t<\/div>\n\t\t<\/div>\n\t<\/div>\n<\/div>\n<\/div>\n\n\n<div id=\"\" class=\"bannerFluidTwo paddingTopSM paddingBottomNone\">\n    \n        <div class=\"grid\">\n            <div class=\"col-sm-12 col-bleed\">\n                <div class=\"banner-content-wrap  darkTheme\" style=\" \">\n                    \n                                            <div class=\"overlay\" style=\"\"><\/div>\n                    \n                    <div class=\"banner-content container\">\n                            <div class=\"mainCopyWrap\">\n            <h2>Rastreios do cancro colorrectal na Southcoast Health<\/h2>\n    <div class=\"paragraphWrap\"><p>Na Southcoast Health, oferecemos rastreios do cancro colorrectal para aumentar as suas hip\u00f3teses de dete\u00e7\u00e3o precoce. Os nossos exames podem ajudar a encontrar p\u00f3lipos pr\u00e9-cancerosos, para que possam ser removidos cirurgicamente antes de terem a oportunidade de se transformarem em cancro. Os rastreios regulares tamb\u00e9m podem ajudar a detetar o cancro colorrectal nas fases iniciais, quando os tratamentos para este tipo de cancro s\u00e3o mais eficazes. Lembre-se que o cancro colorrectal geralmente n\u00e3o tem sintomas, por isso fa\u00e7a um rastreio num dos nossos locais de cuidados prim\u00e1rios no sudeste de Massachusetts e Rhode Island - especialmente se tiver quaisquer factores de risco ou se tiver mais de 50 anos de idade. Marque uma consulta ou contacte-nos hoje para obter mais informa\u00e7\u00f5es.<\/p><\/div>    <\/div>\n                                <div class=\"ctaWrap\">\n                    <a aria-label=\"link para encontrar um local perto de si\" class=\"mainCTA shadow dark1\" href=\"https:\/\/www.southcoast.org\/locations\/?service=Cancer+Care\" title=\"Abrir Encontrar um local perto de si\" >Encontrar um local perto de si<\/a>                    <a aria-label=\"link para marcar uma consulta\" class=\"mainCTA shadow dark2\" href=\"https:\/\/www.southcoast.org\/find-a-provider\/?refinementList%5Bspecialties.name%5D%5B0%5D=Cancer%20Care\" title=\"Abrir Marcar uma consulta\" >Marcar uma consulta<\/a>            <\/div>\n    \n                    <\/div>\n                <\/div>\n            <\/div>\n        <\/div>\n\n        <\/div>","protected":false},"excerpt":{"rendered":"","protected":false},"author":11,"featured_media":0,"parent":2007,"menu_order":0,"comment_status":"closed","ping_status":"closed","template":"","meta":{"_acf_changed":false,"footnotes":""},"class_list":["post-2808","page","type-page","status-publish","hentry"],"acf":[],"yoast_head":"<!-- This site is optimized with the Yoast SEO plugin v26.0 - https:\/\/yoast.com\/wordpress\/plugins\/seo\/ -->\n<title>Colorectal Cancer - Cancer Care<\/title>\n<meta name=\"description\" content=\"Southcoast Health provides expert diagnosis and personalized treatment for pelvic and urinary cancers across MA &amp; RI, for both men and women.\" \/>\n<meta name=\"robots\" content=\"index, follow, max-snippet:-1, max-image-preview:large, max-video-preview:-1\" \/>\n<link rel=\"canonical\" href=\"https:\/\/cancer.southcoast.org\/pt\/digestive-cancer\/colorectal-cancer\/\" \/>\n<meta property=\"og:locale\" content=\"pt_PT\" \/>\n<meta property=\"og:type\" content=\"article\" \/>\n<meta property=\"og:title\" content=\"Colorectal Cancer - Cancer Care\" \/>\n<meta property=\"og:description\" content=\"Southcoast Health provides expert diagnosis and personalized treatment for pelvic and urinary cancers across MA &amp; RI, for both men and women.\" \/>\n<meta property=\"og:url\" content=\"https:\/\/cancer.southcoast.org\/pt\/digestive-cancer\/colorectal-cancer\/\" \/>\n<meta property=\"og:site_name\" content=\"Cancer Care\" \/>\n<meta property=\"article:modified_time\" content=\"2025-08-22T16:51:59+00:00\" \/>\n<meta name=\"twitter:card\" content=\"summary_large_image\" \/>\n<script type=\"application\/ld+json\" class=\"yoast-schema-graph\">{\"@context\":\"https:\/\/schema.org\",\"@graph\":[{\"@type\":\"WebPage\",\"@id\":\"https:\/\/cancer.southcoast.org\/digestive-cancer\/colorectal-cancer\/\",\"url\":\"https:\/\/cancer.southcoast.org\/digestive-cancer\/colorectal-cancer\/\",\"name\":\"Colorectal Cancer - Cancer Care\",\"isPartOf\":{\"@id\":\"https:\/\/cancer.southcoast.org\/#website\"},\"datePublished\":\"2025-08-22T16:51:58+00:00\",\"dateModified\":\"2025-08-22T16:51:59+00:00\",\"description\":\"Southcoast Health provides expert diagnosis and personalized treatment for pelvic and urinary cancers across MA & RI, for both men and women.\",\"breadcrumb\":{\"@id\":\"https:\/\/cancer.southcoast.org\/digestive-cancer\/colorectal-cancer\/#breadcrumb\"},\"inLanguage\":\"pt-PT\",\"potentialAction\":[{\"@type\":\"ReadAction\",\"target\":[\"https:\/\/cancer.southcoast.org\/digestive-cancer\/colorectal-cancer\/\"]}]},{\"@type\":\"BreadcrumbList\",\"@id\":\"https:\/\/cancer.southcoast.org\/digestive-cancer\/colorectal-cancer\/#breadcrumb\",\"itemListElement\":[{\"@type\":\"ListItem\",\"position\":1,\"name\":\"\",\"item\":\"https:\/\/cancer.southcoast.org\/\"},{\"@type\":\"ListItem\",\"position\":2,\"name\":\"Digestive Cancer\",\"item\":\"https:\/\/cancer.southcoast.org\/digestive-cancer\/\"},{\"@type\":\"ListItem\",\"position\":3,\"name\":\"Colorectal Cancer\"}]},{\"@type\":\"WebSite\",\"@id\":\"https:\/\/cancer.southcoast.org\/#website\",\"url\":\"https:\/\/cancer.southcoast.org\/\",\"name\":\"Cancer Care\",\"description\":\"\",\"potentialAction\":[{\"@type\":\"SearchAction\",\"target\":{\"@type\":\"EntryPoint\",\"urlTemplate\":\"https:\/\/cancer.southcoast.org\/?s={search_term_string}\"},\"query-input\":{\"@type\":\"PropertyValueSpecification\",\"valueRequired\":true,\"valueName\":\"search_term_string\"}}],\"inLanguage\":\"pt-PT\"}]}<\/script>\n<!-- \/ Yoast SEO plugin. -->","yoast_head_json":{"title":"Cancro colorrectal - Cuidados oncol\u00f3gicos","description":"Southcoast Health fornece diagn\u00f3stico especializado e tratamento personalizado para cancros p\u00e9lvicos e urin\u00e1rios em MA e RI, tanto para homens como para mulheres.","robots":{"index":"index","follow":"follow","max-snippet":"max-snippet:-1","max-image-preview":"max-image-preview:large","max-video-preview":"max-video-preview:-1"},"canonical":"https:\/\/cancer.southcoast.org\/pt\/digestive-cancer\/colorectal-cancer\/","og_locale":"pt_PT","og_type":"article","og_title":"Colorectal Cancer - Cancer Care","og_description":"Southcoast Health provides expert diagnosis and personalized treatment for pelvic and urinary cancers across MA & RI, for both men and women.","og_url":"https:\/\/cancer.southcoast.org\/pt\/digestive-cancer\/colorectal-cancer\/","og_site_name":"Cancer Care","article_modified_time":"2025-08-22T16:51:59+00:00","twitter_card":"summary_large_image","schema":{"@context":"https:\/\/schema.org","@graph":[{"@type":"WebPage","@id":"https:\/\/cancer.southcoast.org\/digestive-cancer\/colorectal-cancer\/","url":"https:\/\/cancer.southcoast.org\/digestive-cancer\/colorectal-cancer\/","name":"Cancro colorrectal - Cuidados oncol\u00f3gicos","isPartOf":{"@id":"https:\/\/cancer.southcoast.org\/#website"},"datePublished":"2025-08-22T16:51:58+00:00","dateModified":"2025-08-22T16:51:59+00:00","description":"Southcoast Health fornece diagn\u00f3stico especializado e tratamento personalizado para cancros p\u00e9lvicos e urin\u00e1rios em MA e RI, tanto para homens como para mulheres.","breadcrumb":{"@id":"https:\/\/cancer.southcoast.org\/digestive-cancer\/colorectal-cancer\/#breadcrumb"},"inLanguage":"pt-PT","potentialAction":[{"@type":"ReadAction","target":["https:\/\/cancer.southcoast.org\/digestive-cancer\/colorectal-cancer\/"]}]},{"@type":"BreadcrumbList","@id":"https:\/\/cancer.southcoast.org\/digestive-cancer\/colorectal-cancer\/#breadcrumb","itemListElement":[{"@type":"ListItem","position":1,"name":"","item":"https:\/\/cancer.southcoast.org\/"},{"@type":"ListItem","position":2,"name":"Digestive Cancer","item":"https:\/\/cancer.southcoast.org\/digestive-cancer\/"},{"@type":"ListItem","position":3,"name":"Colorectal Cancer"}]},{"@type":"WebSite","@id":"https:\/\/cancer.southcoast.org\/#website","url":"https:\/\/cancer.southcoast.org\/","name":"Cuidados com o cancro","description":"","potentialAction":[{"@type":"SearchAction","target":{"@type":"EntryPoint","urlTemplate":"https:\/\/cancer.southcoast.org\/?s={search_term_string}"},"query-input":{"@type":"PropertyValueSpecification","valueRequired":true,"valueName":"search_term_string"}}],"inLanguage":"pt-PT"}]}},"_links":{"self":[{"href":"https:\/\/cancer.southcoast.org\/pt\/wp-json\/wp\/v2\/pages\/2808","targetHints":{"allow":["GET"]}}],"collection":[{"href":"https:\/\/cancer.southcoast.org\/pt\/wp-json\/wp\/v2\/pages"}],"about":[{"href":"https:\/\/cancer.southcoast.org\/pt\/wp-json\/wp\/v2\/types\/page"}],"author":[{"embeddable":true,"href":"https:\/\/cancer.southcoast.org\/pt\/wp-json\/wp\/v2\/users\/11"}],"replies":[{"embeddable":true,"href":"https:\/\/cancer.southcoast.org\/pt\/wp-json\/wp\/v2\/comments?post=2808"}],"version-history":[{"count":9,"href":"https:\/\/cancer.southcoast.org\/pt\/wp-json\/wp\/v2\/pages\/2808\/revisions"}],"predecessor-version":[{"id":2822,"href":"https:\/\/cancer.southcoast.org\/pt\/wp-json\/wp\/v2\/pages\/2808\/revisions\/2822"}],"up":[{"embeddable":true,"href":"https:\/\/cancer.southcoast.org\/pt\/wp-json\/wp\/v2\/pages\/2007"}],"wp:attachment":[{"href":"https:\/\/cancer.southcoast.org\/pt\/wp-json\/wp\/v2\/media?parent=2808"}],"curies":[{"name":"wp","href":"https:\/\/api.w.org\/{rel}","templated":true}]}}