{"id":2833,"date":"2025-09-02T19:48:11","date_gmt":"2025-09-02T19:48:11","guid":{"rendered":"https:\/\/cancer.southcoast.org\/?page_id=2833"},"modified":"2025-09-02T19:48:43","modified_gmt":"2025-09-02T19:48:43","slug":"lung-cancer-screening-program","status":"publish","type":"page","link":"https:\/\/cancer.southcoast.org\/es\/lung-cancer\/lung-cancer-screening-program\/","title":{"rendered":"Programa de detecci\u00f3n del c\u00e1ncer de pulm\u00f3n"},"content":{"rendered":"<div  class=\"blockSettings    hero-main-block show-breadcrumbs\" style=\"\"><div class=\"background\"><\/div>\n<div class=\"container\">\n\n    <div class=\"breadcrumbsWrapper desktop-breadcrumbs\"><nav id=\"breadcrumbs\" aria-label=\"Migas de pan\"><ol><li><a href=\"https:\/\/cancer.southcoast.org\/es\/\"><i class=\"fa-regular fa-house\"><\/i><span class=\"visually-hidden\">Inicio<\/span><\/a><\/li><\/ol><\/nav><\/div><div class=\"breadcrumbsWrapper mobile-breadcrumbs\"><p id=\"mobile-breadcrumbs\"><span><span><a href=\"https:\/\/cancer.southcoast.org\/es\"><i class=\"far fa-home\"><\/i><\/a><\/span> <i class=\"fa-solid fa-chevron-right separator\"><\/i> <span><a href=\"https:\/\/cancer.southcoast.org\/es\/lung-cancer\/\">C\u00e1ncer de pulm\u00f3n<\/a><\/span><\/span><\/p><\/div>    <div class=\"grid\">\n        <div class=\"col-bleed-y\">\n            <div class=\"inner-wrap\">\n                <div class=\"content-col\">\n                                            <h1>Programa de detecci\u00f3n del c\u00e1ncer de pulm\u00f3n<\/h1>\n                                        <div class=\"copy-wrap\">\n                                                    <p>En Southcoast Health, ofrecemos pruebas de detecci\u00f3n del c\u00e1ncer de pulm\u00f3n para aumentar sus posibilidades de detecci\u00f3n precoz y tratamiento. Ofrecemos tomograf\u00edas computarizadas de baja dosis (LDCT), una prueba de detecci\u00f3n cubierta por la mayor\u00eda de los seguros, para pacientes con un alto riesgo de desarrollar c\u00e1ncer de pulm\u00f3n. Nos comprometemos a ofrecer servicios responsables de detecci\u00f3n y prevenci\u00f3n del c\u00e1ncer de pulm\u00f3n a todos los miembros de la comunidad.<\/p>\n                                            <\/div>\n                                    <\/div>\n                <div class=\"media-col\">\n                                            <img\n                            class=\"main-img\"\n                            src=\"https:\/\/cancer.southcoast.org\/wp-content\/uploads\/sites\/5\/2025\/08\/Colorectal-Cancer-Diagram.jpg\"\n                                                        srcset=\"https:\/\/cancer.southcoast.org\/wp-content\/uploads\/sites\/5\/2025\/08\/Colorectal-Cancer-Diagram.jpg 2065w, https:\/\/cancer.southcoast.org\/wp-content\/uploads\/sites\/5\/2025\/08\/Colorectal-Cancer-Diagram-300x211.jpg 300w, https:\/\/cancer.southcoast.org\/wp-content\/uploads\/sites\/5\/2025\/08\/Colorectal-Cancer-Diagram-1024x720.jpg 1024w, https:\/\/cancer.southcoast.org\/wp-content\/uploads\/sites\/5\/2025\/08\/Colorectal-Cancer-Diagram-768x540.jpg 768w, https:\/\/cancer.southcoast.org\/wp-content\/uploads\/sites\/5\/2025\/08\/Colorectal-Cancer-Diagram-1536x1080.jpg 1536w, https:\/\/cancer.southcoast.org\/wp-content\/uploads\/sites\/5\/2025\/08\/Colorectal-Cancer-Diagram-2048x1440.jpg 2048w\"\n                            sizes=\"(max-width: 768px) 100vw, (max-width: 1200px) 50vw, 800px\"\n                                                        alt=\"\"\n                            loading=\"eager\"\n                            decoding=\"async\"\n                            fetchpriority=\"high\">\n                                                            <img decoding=\"async\" class=\"corner-art\" src=\"https:\/\/cancer.southcoast.org\/wp-content\/themes\/southcoast_multisite\/images\/corner-art.svg\">\n                <\/div>\n            <\/div>\n        <\/div>\n    <\/div>\n<\/div>\n\n<script>\n    document.querySelectorAll('.play-button').forEach(button => {\n        button.addEventListener('click', function() {\n            const modal = this.nextElementSibling;\n            modal.style.display = 'block';\n            document.body.style.overflow = 'hidden';\n        });\n    });\n\n    document.querySelectorAll('.close-modal, .modal-overlay').forEach(element => {\n        element.addEventListener('click', function() {\n            const modal = this.closest('.video-modal');\n            modal.style.display = 'none';\n            document.body.style.overflow = '';\n        });\n    });\n<\/script>\n<\/div>\n\n\n<div  class=\"blockSettings  paddingTopMD paddingBottomMD multiple-media-object-block light\" style=\"background-color:#fff;\"><div class=\"container\">\n    <div class=\"grid\">\n        <div class=\"col-sm-12\">\n            <div class=\"inner left disc\">\n                <div class=\"copy\">\n                        <div class=\"mainCopyWrap\">\n            <h2>\u00bfSe puede detectar precozmente el c\u00e1ncer de pulm\u00f3n?<\/h2>\n    <div class=\"paragraphWrap\"><p>El cribado del c\u00e1ncer de pulm\u00f3n permite a su proveedor realizar pruebas y detectar enfermedades que a\u00fan no causan s\u00edntomas. Southcoast Health utiliza una prueba conocida como tomograf\u00eda computarizada de baja dosis (LDCT) para las personas con mayor riesgo de contraer c\u00e1ncer de pulm\u00f3n. Los esc\u00e1neres LDCT pueden ayudar a encontrar zonas anormales en los pulmones que est\u00e1n relacionadas con el c\u00e1ncer. Se ha demostrado que el uso de la LDCT para examinar a las personas con mayor riesgo de padecer c\u00e1ncer de pulm\u00f3n salva vidas. En las personas de alto riesgo, la realizaci\u00f3n de exploraciones anuales con LDCT antes de que aparezcan los s\u00edntomas reduce el riesgo de muerte por c\u00e1ncer de pulm\u00f3n.<\/p>\n<p>&nbsp;<\/p>\n<\/div>    <\/div>\n    \n                <\/div>\n                <div class=\"images onlyImage\">\n                                            <img decoding=\"async\" class=\"first\" src=\"https:\/\/cancer.southcoast.org\/wp-content\/uploads\/sites\/5\/2025\/09\/Lung-Cancer-Stock-scaled.jpg\" alt=\"\">\n                                                                            <\/div>\n\n            <\/div>\n        <\/div>\n    <\/div>\n<\/div>\n<\/div>\n\n\n<div  class=\"blockSettings  paddingTopMD paddingBottomMD media-object-block light\" style=\"\"><div class=\"container\">\n\t<div class=\"grid\">\n\t\t<div class=\"col-sm-12\">\n\t\t\t<div class=\"inner image-right list-style-disc inner-white-bg\" style=\"background-color: #fff;\">\n\t\t\t\t<div class=\"copy\">\n\t\t\t\t\t    <div class=\"mainCopyWrap\">\n            <h2>Razones para someterse a un cribado - Factores de alto riesgo<\/h2>\n    <div class=\"paragraphWrap\"><p>El tabaquismo es el principal factor de riesgo del c\u00e1ncer de pulm\u00f3n. El 80% de las muertes por c\u00e1ncer de pulm\u00f3n se atribuyen al tabaquismo. Si fuma actualmente o ha fumado en los \u00faltimos 15 a\u00f1os, tiene un mayor riesgo de desarrollar c\u00e1ncer de pulm\u00f3n.<\/p>\n<\/div>    <\/div>\n    \t\t\t\t<\/div>\n\t\t\t\t\t\t\t\t<div class=\"images\">\n\t\t\t\t\t\t<img decoding=\"async\" class=\"single\" src=\"https:\/\/cancer.southcoast.org\/wp-content\/uploads\/sites\/5\/2025\/09\/Antoinette-Muray-Lung-Cancer-Patient.png\" alt=\"\">\n\t\t\t\t\t\t\t\t\t\t<\/div>\n\t\t\t\t\n\t\t\t<\/div>\n\t\t<\/div>\n\t<\/div>\n<\/div>\n<\/div>\n\n\n<div  class=\"blockSettings  paddingTopSM paddingBottomNone media-object-block light\" style=\"background-color:#E9F7F4;\"><div class=\"container\">\n\t<div class=\"grid\">\n\t\t<div class=\"col-sm-12\">\n\t\t\t<div class=\"inner image-left list-style-disc inner-bg\" style=\"background-color: #E9F7F4;\">\n\t\t\t\t<div class=\"copy\">\n\t\t\t\t\t    <div class=\"mainCopyWrap\">\n            <h2>Cu\u00e1ndo hablar con su m\u00e9dico sobre el cribado del c\u00e1ncer de pulm\u00f3n<\/h2>\n    <div class=\"paragraphWrap\"><p>Para someterse a un examen de detecci\u00f3n, debe cumplir los siguientes criterios:<\/p>\n<ul class=\"wp-block-list\">\n<li>50-80 a\u00f1os<\/li>\n<li>Historial de tabaquismo igual o superior a 20 paquetes-a\u00f1o<\/li>\n<li>Si es ex fumador y lo ha dejado en los \u00faltimos 15 a\u00f1os<\/li>\n<li>Ning\u00fan TAC tor\u00e1cico en el \u00faltimo a\u00f1o<\/li>\n<\/ul>\n<\/div>    <\/div>\n        <div class=\"ctaWrap\">\n                    <a aria-label=\"enlace para solicitar una consulta previa\" class=\"mainCTA shadow light1\" href=\"https:\/\/forms.office.com\/Pages\/ResponsePage.aspx?id=Sej3q5FBB0y0OprJmN6RMclAeCjkN8xJn-t0uZsMPE5UOE0xVFY1WUpYWVRRV00zNlkzQUo4SktFQS4u&#038;wdLOR=c04C6FCB2-64A7-4ACC-8223-983A16CA574F\" target=\"_blank\" title=\"Abre Solicitar una consulta previa en una nueva pesta\u00f1a o ventana\" rel=\"noopener noreferrer\">Solicitar una consulta previa<span class=\"fa-regular fa-up-right-from-square\"><\/span><\/a>            <\/div>\n    \t\t\t\t<\/div>\n\t\t\t\t\t\t\t\t<div class=\"images\">\n\t\t\t\t\t\t<img decoding=\"async\" class=\"single\" src=\"https:\/\/cancer.southcoast.org\/wp-content\/uploads\/sites\/5\/2025\/08\/PET-CT-Machine-2025-scaled.jpg\" alt=\"\">\n\t\t\t\t\t\t\t\t\t\t<\/div>\n\t\t\t\t\n\t\t\t<\/div>\n\t\t<\/div>\n\t<\/div>\n<\/div>\n<\/div>\n\n\n<div id=\"\" class=\"bannerFluidTwo paddingTopSM paddingBottomNone\">\n    \n        <div class=\"grid\">\n            <div class=\"col-sm-12 col-bleed\">\n                <div class=\"banner-content-wrap  darkTheme\" style=\" \">\n                    \n                                            <div class=\"overlay\" style=\"\"><\/div>\n                    \n                    <div class=\"banner-content container\">\n                            <div class=\"mainCopyWrap\">\n        <div class=\"paragraphWrap\"><p>Para solicitar m\u00e1s informaci\u00f3n sobre nuestro Programa de detecci\u00f3n, llame al 508-973-7579, env\u00ede un correo electr\u00f3nico a CTLungScreening@southcoast.org o hable con su proveedor de atenci\u00f3n primaria.<\/p><\/div>    <\/div>\n                                <div class=\"ctaWrap\">\n                    <a aria-label=\"Enlace al correo electr\u00f3nico para m\u00e1s informaci\u00f3n\" class=\"mainCTA shadow dark1\" href=\"mailto:CTLungScreening@southcoast.org\" target=\"_blank\" title=\"Abre Email para m\u00e1s informaci\u00f3n en una nueva pesta\u00f1a o ventana\" rel=\"noopener noreferrer\">M\u00e1s informaci\u00f3n<span class=\"fa-regular fa-up-right-from-square\"><\/span><\/a>                    <a aria-label=\"Enlace a la convocatoria de m\u00e1s informaci\u00f3n\" class=\"mainCTA shadow dark2\" href=\"tel:5089737579\" target=\"_blank\" title=\"Abre Solicitar m\u00e1s informaci\u00f3n en una nueva pesta\u00f1a o ventana\" rel=\"noopener noreferrer\">M\u00e1s informaci\u00f3n<span class=\"fa-regular fa-up-right-from-square\"><\/span><\/a>            <\/div>\n    \n                    <\/div>\n                <\/div>\n            <\/div>\n        <\/div>\n\n        <\/div>","protected":false},"excerpt":{"rendered":"","protected":false},"author":11,"featured_media":0,"parent":2015,"menu_order":0,"comment_status":"closed","ping_status":"closed","template":"","meta":{"_acf_changed":false,"footnotes":""},"class_list":["post-2833","page","type-page","status-publish","hentry"],"acf":[],"yoast_head":"<!-- This site is optimized with the Yoast SEO plugin v26.0 - https:\/\/yoast.com\/wordpress\/plugins\/seo\/ -->\n<title>Lung Cancer Screening Program - Cancer Care<\/title>\n<meta name=\"description\" content=\"Southcoast Health provides expert diagnosis and personalized treatment for pelvic and urinary cancers across MA &amp; RI, for both men and women.\" \/>\n<meta name=\"robots\" content=\"index, follow, max-snippet:-1, max-image-preview:large, max-video-preview:-1\" \/>\n<link rel=\"canonical\" href=\"https:\/\/cancer.southcoast.org\/es\/lung-cancer\/lung-cancer-screening-program\/\" \/>\n<meta property=\"og:locale\" content=\"es_MX\" \/>\n<meta property=\"og:type\" content=\"article\" \/>\n<meta property=\"og:title\" content=\"Lung Cancer Screening Program - Cancer Care\" \/>\n<meta property=\"og:description\" content=\"Southcoast Health provides expert diagnosis and personalized treatment for pelvic and urinary cancers across MA &amp; RI, for both men and women.\" \/>\n<meta property=\"og:url\" content=\"https:\/\/cancer.southcoast.org\/es\/lung-cancer\/lung-cancer-screening-program\/\" \/>\n<meta property=\"og:site_name\" content=\"Cancer Care\" \/>\n<meta property=\"article:modified_time\" content=\"2025-09-02T19:48:43+00:00\" \/>\n<meta name=\"twitter:card\" content=\"summary_large_image\" \/>\n<script type=\"application\/ld+json\" class=\"yoast-schema-graph\">{\"@context\":\"https:\/\/schema.org\",\"@graph\":[{\"@type\":\"WebPage\",\"@id\":\"https:\/\/cancer.southcoast.org\/lung-cancer\/lung-cancer-screening-program\/\",\"url\":\"https:\/\/cancer.southcoast.org\/lung-cancer\/lung-cancer-screening-program\/\",\"name\":\"Lung Cancer Screening Program - Cancer Care\",\"isPartOf\":{\"@id\":\"https:\/\/cancer.southcoast.org\/#website\"},\"datePublished\":\"2025-09-02T19:48:11+00:00\",\"dateModified\":\"2025-09-02T19:48:43+00:00\",\"description\":\"Southcoast Health provides expert diagnosis and personalized treatment for pelvic and urinary cancers across MA & RI, for both men and women.\",\"breadcrumb\":{\"@id\":\"https:\/\/cancer.southcoast.org\/lung-cancer\/lung-cancer-screening-program\/#breadcrumb\"},\"inLanguage\":\"es-MX\",\"potentialAction\":[{\"@type\":\"ReadAction\",\"target\":[\"https:\/\/cancer.southcoast.org\/lung-cancer\/lung-cancer-screening-program\/\"]}]},{\"@type\":\"BreadcrumbList\",\"@id\":\"https:\/\/cancer.southcoast.org\/lung-cancer\/lung-cancer-screening-program\/#breadcrumb\",\"itemListElement\":[{\"@type\":\"ListItem\",\"position\":1,\"name\":\"\",\"item\":\"https:\/\/cancer.southcoast.org\/\"},{\"@type\":\"ListItem\",\"position\":2,\"name\":\"Lung Cancer\",\"item\":\"https:\/\/cancer.southcoast.org\/lung-cancer\/\"},{\"@type\":\"ListItem\",\"position\":3,\"name\":\"Lung Cancer Screening Program\"}]},{\"@type\":\"WebSite\",\"@id\":\"https:\/\/cancer.southcoast.org\/#website\",\"url\":\"https:\/\/cancer.southcoast.org\/\",\"name\":\"Cancer Care\",\"description\":\"\",\"potentialAction\":[{\"@type\":\"SearchAction\",\"target\":{\"@type\":\"EntryPoint\",\"urlTemplate\":\"https:\/\/cancer.southcoast.org\/?s={search_term_string}\"},\"query-input\":{\"@type\":\"PropertyValueSpecification\",\"valueRequired\":true,\"valueName\":\"search_term_string\"}}],\"inLanguage\":\"es-MX\"}]}<\/script>\n<!-- \/ Yoast SEO plugin. -->","yoast_head_json":{"title":"Lung Cancer Screening Program - Cancer Care","description":"Southcoast Health ofrece diagn\u00f3stico experto y tratamiento personalizado para c\u00e1nceres p\u00e9lvicos y urinarios en MA y RI, tanto para hombres como para mujeres.","robots":{"index":"index","follow":"follow","max-snippet":"max-snippet:-1","max-image-preview":"max-image-preview:large","max-video-preview":"max-video-preview:-1"},"canonical":"https:\/\/cancer.southcoast.org\/es\/lung-cancer\/lung-cancer-screening-program\/","og_locale":"es_MX","og_type":"article","og_title":"Lung Cancer Screening Program - Cancer Care","og_description":"Southcoast Health provides expert diagnosis and personalized treatment for pelvic and urinary cancers across MA & RI, for both men and women.","og_url":"https:\/\/cancer.southcoast.org\/es\/lung-cancer\/lung-cancer-screening-program\/","og_site_name":"Cancer Care","article_modified_time":"2025-09-02T19:48:43+00:00","twitter_card":"summary_large_image","schema":{"@context":"https:\/\/schema.org","@graph":[{"@type":"WebPage","@id":"https:\/\/cancer.southcoast.org\/lung-cancer\/lung-cancer-screening-program\/","url":"https:\/\/cancer.southcoast.org\/lung-cancer\/lung-cancer-screening-program\/","name":"Lung Cancer Screening Program - Cancer Care","isPartOf":{"@id":"https:\/\/cancer.southcoast.org\/#website"},"datePublished":"2025-09-02T19:48:11+00:00","dateModified":"2025-09-02T19:48:43+00:00","description":"Southcoast Health ofrece diagn\u00f3stico experto y tratamiento personalizado para c\u00e1nceres p\u00e9lvicos y urinarios en MA y RI, tanto para hombres como para mujeres.","breadcrumb":{"@id":"https:\/\/cancer.southcoast.org\/lung-cancer\/lung-cancer-screening-program\/#breadcrumb"},"inLanguage":"es-MX","potentialAction":[{"@type":"ReadAction","target":["https:\/\/cancer.southcoast.org\/lung-cancer\/lung-cancer-screening-program\/"]}]},{"@type":"BreadcrumbList","@id":"https:\/\/cancer.southcoast.org\/lung-cancer\/lung-cancer-screening-program\/#breadcrumb","itemListElement":[{"@type":"ListItem","position":1,"name":"","item":"https:\/\/cancer.southcoast.org\/"},{"@type":"ListItem","position":2,"name":"Lung Cancer","item":"https:\/\/cancer.southcoast.org\/lung-cancer\/"},{"@type":"ListItem","position":3,"name":"Lung Cancer Screening Program"}]},{"@type":"WebSite","@id":"https:\/\/cancer.southcoast.org\/#website","url":"https:\/\/cancer.southcoast.org\/","name":"Atenci\u00f3n oncol\u00f3gica","description":"","potentialAction":[{"@type":"SearchAction","target":{"@type":"EntryPoint","urlTemplate":"https:\/\/cancer.southcoast.org\/?s={search_term_string}"},"query-input":{"@type":"PropertyValueSpecification","valueRequired":true,"valueName":"search_term_string"}}],"inLanguage":"es-MX"}]}},"_links":{"self":[{"href":"https:\/\/cancer.southcoast.org\/es\/wp-json\/wp\/v2\/pages\/2833","targetHints":{"allow":["GET"]}}],"collection":[{"href":"https:\/\/cancer.southcoast.org\/es\/wp-json\/wp\/v2\/pages"}],"about":[{"href":"https:\/\/cancer.southcoast.org\/es\/wp-json\/wp\/v2\/types\/page"}],"author":[{"embeddable":true,"href":"https:\/\/cancer.southcoast.org\/es\/wp-json\/wp\/v2\/users\/11"}],"replies":[{"embeddable":true,"href":"https:\/\/cancer.southcoast.org\/es\/wp-json\/wp\/v2\/comments?post=2833"}],"version-history":[{"count":3,"href":"https:\/\/cancer.southcoast.org\/es\/wp-json\/wp\/v2\/pages\/2833\/revisions"}],"predecessor-version":[{"id":2880,"href":"https:\/\/cancer.southcoast.org\/es\/wp-json\/wp\/v2\/pages\/2833\/revisions\/2880"}],"up":[{"embeddable":true,"href":"https:\/\/cancer.southcoast.org\/es\/wp-json\/wp\/v2\/pages\/2015"}],"wp:attachment":[{"href":"https:\/\/cancer.southcoast.org\/es\/wp-json\/wp\/v2\/media?parent=2833"}],"curies":[{"name":"wp","href":"https:\/\/api.w.org\/{rel}","templated":true}]}}