{"id":1875,"date":"2025-05-12T17:54:30","date_gmt":"2025-05-12T17:54:30","guid":{"rendered":"https:\/\/cancer.test-southcoast-health-multi.southcoast-health.org\/?page_id=1875"},"modified":"2025-10-02T05:01:23","modified_gmt":"2025-10-02T05:01:23","slug":"clinical-trials-and-research","status":"publish","type":"page","link":"https:\/\/cancer.southcoast.org\/es\/clinical-trials-and-research\/","title":{"rendered":"Ensayos cl\u00ednicos e investigaci\u00f3n"},"content":{"rendered":"<div  class=\"blockSettings    hero-main-block show-breadcrumbs\" style=\"\"><div class=\"background\"><\/div>\n<div class=\"container\">\n\n    <div class=\"breadcrumbsWrapper desktop-breadcrumbs\"><nav id=\"breadcrumbs\" aria-label=\"Migas de pan\"><ol><li><a href=\"https:\/\/cancer.southcoast.org\/es\/\"><i class=\"fa-regular fa-house\"><\/i><span class=\"visually-hidden\">Inicio<\/span><\/a><\/li><\/ol><\/nav><\/div><div class=\"breadcrumbsWrapper mobile-breadcrumbs\"><p id=\"mobile-breadcrumbs\" class=\"mobile-back-nav\"><span><span><a href=\"#\" onclick=\"return handleBackNavigation();\"><i class=\"fa-solid fa-chevron-left back-arrow\"><\/i> Volver<\/a><\/span><\/span><\/p>\t\t<script>\n\t\t\tfunction handleBackNavigation() {\n\t\t\t\tif (window.history.length > 1) {\n\t\t\t\t\twindow.history.back();\n\t\t\t\t} else {\n\t\t\t\t\twindow.location.href = 'https:\/\/cancer.southcoast.org\/es';\n\t\t\t\t}\n\t\t\t\treturn false;\n\t\t\t}\n\t\t<\/script>\n<\/div>    <div class=\"grid\">\n        <div class=\"col-bleed-y\">\n            <div class=\"inner-wrap\">\n                <div class=\"content-col\">\n                                            <h1>Avanzar en la atenci\u00f3n oncol\u00f3gica en la Costa Sur\u00a0<\/h1>\n                                        <div class=\"copy-wrap\">\n                                                    <p>Estamos abriendo la puerta a nuevos y prometedores tratamientos y estrategias asistenciales, aqu\u00ed mismo, en nuestra comunidad. Los ensayos cl\u00ednicos de Southcoast Cancer Care conectan a los pacientes con terapias de vanguardia, mejoras en los cuidados de apoyo y estudios de investigaci\u00f3n nacionales, incluidos los respaldados por el Instituto Nacional del C\u00e1ncer. Los participantes son supervisados cuidadosamente por nuestro equipo de onc\u00f3logos expertos y pueden ser los primeros en beneficiarse de los nuevos tratamientos antes de que est\u00e9n ampliamente disponibles.<\/p>\n                                            <\/div>\n                                    <\/div>\n                <div class=\"media-col\">\n                                            <img\n                            class=\"main-img\"\n                            src=\"https:\/\/cancer.southcoast.org\/wp-content\/uploads\/sites\/5\/2025\/06\/ac1912a34f027ec4f62035f4a87d6eec15cdf9e3.jpg\"\n                                                        srcset=\"https:\/\/cancer.southcoast.org\/wp-content\/uploads\/sites\/5\/2025\/06\/ac1912a34f027ec4f62035f4a87d6eec15cdf9e3.jpg 2000w, https:\/\/cancer.southcoast.org\/wp-content\/uploads\/sites\/5\/2025\/06\/ac1912a34f027ec4f62035f4a87d6eec15cdf9e3-300x200.jpg 300w, https:\/\/cancer.southcoast.org\/wp-content\/uploads\/sites\/5\/2025\/06\/ac1912a34f027ec4f62035f4a87d6eec15cdf9e3-1024x682.jpg 1024w, https:\/\/cancer.southcoast.org\/wp-content\/uploads\/sites\/5\/2025\/06\/ac1912a34f027ec4f62035f4a87d6eec15cdf9e3-768x512.jpg 768w, https:\/\/cancer.southcoast.org\/wp-content\/uploads\/sites\/5\/2025\/06\/ac1912a34f027ec4f62035f4a87d6eec15cdf9e3-1536x1024.jpg 1536w\"\n                            sizes=\"(max-width: 768px) 100vw, (max-width: 1200px) 50vw, 800px\"\n                                                        alt=\"\"\n                            loading=\"eager\"\n                            decoding=\"async\"\n                            fetchpriority=\"high\">\n                                                            <img decoding=\"async\" class=\"corner-art\" src=\"https:\/\/cancer.southcoast.org\/wp-content\/themes\/southcoast_multisite\/images\/corner-art.svg\">\n                <\/div>\n            <\/div>\n        <\/div>\n    <\/div>\n<\/div>\n\n<script>\n    document.querySelectorAll('.play-button').forEach(button => {\n        button.addEventListener('click', function() {\n            const modal = this.nextElementSibling;\n            modal.style.display = 'block';\n            document.body.style.overflow = 'hidden';\n        });\n    });\n\n    document.querySelectorAll('.close-modal, .modal-overlay').forEach(element => {\n        element.addEventListener('click', function() {\n            const modal = this.closest('.video-modal');\n            modal.style.display = 'none';\n            document.body.style.overflow = '';\n        });\n    });\n<\/script>\n<\/div>\n\n\n<div  class=\"blockSettings  paddingTopSM paddingBottomSM media-object-block light\" style=\"\"><div class=\"container\">\n\t<div class=\"grid\">\n\t\t<div class=\"col-sm-12\">\n\t\t\t<div class=\"inner image-left list-style-disc inner-white-bg\" style=\"background-color: #fff;\">\n\t\t\t\t<div class=\"copy\">\n\t\t\t\t\t    <div class=\"mainCopyWrap\">\n            <h2>\u00bfPor qu\u00e9 participar en investigaci\u00f3n y ensayos cl\u00ednicos?\u00a0<\/h2>\n    <div class=\"paragraphWrap\"><p>Participar en un ensayo cl\u00ednico puede ofrecerle a usted y a otros pacientes la oportunidad de:<\/p>\n<ul>\n<li>Acceda a los tratamientos m\u00e1s avanzados antes de que se generalicen<\/li>\n<li>Recibir atenci\u00f3n de un equipo de colaboraci\u00f3n formado por m\u00e9dicos e investigadores<\/li>\n<li>Desempe\u00f1ar un papel activo en la planificaci\u00f3n de su atenci\u00f3n y tratamiento.<\/li>\n<li>Contribuir al futuro de la atenci\u00f3n oncol\u00f3gica impulsando la investigaci\u00f3n<\/li>\n<\/ul>\n<\/div>    <\/div>\n    \t\t\t\t<\/div>\n\t\t\t\t\t\t\t\t<div class=\"images\">\n\t\t\t\t\t\t<img decoding=\"async\" class=\"single\" src=\"https:\/\/cancer.southcoast.org\/wp-content\/uploads\/sites\/5\/2025\/06\/705deb39e370ff69ae248ba1a75e00535f10b939-scaled.jpg\" alt=\"\">\n\t\t\t\t\t\t\t\t\t\t<\/div>\n\t\t\t\t\n\t\t\t<\/div>\n\t\t<\/div>\n\t<\/div>\n<\/div>\n<\/div>\n\n\n<div  class=\"blockSettings  paddingTopNone paddingBottomMD media-object-block light\" style=\"\"><div class=\"container\">\n\t<div class=\"grid\">\n\t\t<div class=\"col-sm-12\">\n\t\t\t<div class=\"inner image-right list-style-disc inner-bg\" style=\"background-color: #f6f7f7;\">\n\t\t\t\t<div class=\"copy\">\n\t\t\t\t\t    <div class=\"mainCopyWrap\">\n            <h2>Servicios estructurales en Southcoast Health<\/h2>\n    <div class=\"paragraphWrap\"><p>Nuestro programa de investigaci\u00f3n se apoya en una infraestructura especializada que incluye:<\/p>\n<ul>\n<li>Personal de investigaci\u00f3n especializado en oncolog\u00eda y coordinadores<\/li>\n<li>Estrecha colaboraci\u00f3n entre onc\u00f3logos, farmac\u00e9uticos y radi\u00f3logos<\/li>\n<li>Acceso a ensayos nacionales e iniciados por investigadores<\/li>\n<li>Ensayos personalizados en funci\u00f3n del diagn\u00f3stico y los objetivos del tratamiento<\/li>\n<\/ul>\n<\/div>    <\/div>\n    \t\t\t\t<\/div>\n\t\t\t\t\t\t\t\t<div class=\"images\">\n\t\t\t\t\t\t<img decoding=\"async\" class=\"single\" src=\"https:\/\/cancer.southcoast.org\/wp-content\/uploads\/sites\/5\/2025\/06\/585ba60f7468411232ef0a92ff451760363ee3a5-scaled.jpg\" alt=\"\">\n\t\t\t\t\t\t\t\t\t\t\t\t\t    <div class=\"cornerArtWrapper cornerArt-small\">\n        <img decoding=\"async\" class=\"cornerArt\" src=\"https:\/\/cancer.southcoast.org\/wp-content\/themes\/southcoast_multisite\/images\/corner-art.svg\" alt=\"\">\n    <\/div>\n\t\t\t\t\t\t\t\t\t\t<\/div>\n\t\t\t\t\n\t\t\t<\/div>\n\t\t<\/div>\n\t<\/div>\n<\/div>\n<\/div>\n\n\n\n\n<div  class=\"blockSettings  paddingTopMD paddingBottomMD bannerFluid darkTheme\" style=\"background-color:#fff;\"><div class=\"container\">\n    <div class=\"grid\">\n        <div class=\"col-sm-12\">\n            <div class=\"inner\">\n                                    <img decoding=\"async\" class=\"pulse\" src=\"https:\/\/cancer.southcoast.org\/wp-content\/themes\/southcoast_multisite\/images\/pulse.svg\" alt=\"\">\n                                <div class=\"copy\">\n                        <div class=\"mainCopyWrap\">\n            <h3>C\u00f3mo solicitar la participaci\u00f3n\u00a0<\/h3>\n    <div class=\"paragraphWrap\"><p>Si est\u00e1 interesado en obtener m\u00e1s informaci\u00f3n sobre las oportunidades de ensayos cl\u00ednicos en Southcoast Health, hable con su equipo de atenci\u00f3n oncol\u00f3gica o con su m\u00e9dico. Juntos, podemos determinar si un ensayo actual es adecuado para usted.\u00a0<\/p>\n<\/div>    <\/div>\n        <div class=\"ctaWrap\">\n                    <a aria-label=\"enlace Buscar un m\u00e9dico\" class=\"mainCTA shadow light2\" href=\"\/es\/team\/\" title=\"Abrir Buscar un m\u00e9dico\" >Buscar un m\u00e9dico<\/a>            <\/div>\n                    <\/div>\n                <div class=\"media\">\n                    \n                        <img decoding=\"async\" class=\"doctor\" src=\"https:\/\/cancer.southcoast.org\/wp-content\/uploads\/sites\/5\/2025\/08\/Cancer-Clinical-Trials-Doctor-and-Patient-Cutout-2.png\" alt=\"\">\n                        <img decoding=\"async\" class=\"graphical\" src=\"https:\/\/cancer.southcoast.org\/wp-content\/themes\/southcoast_multisite\/images\/corner-art.svg\" alt=\"\">\n\n\n                                    <\/div>\n            <\/div>\n        <\/div>\n    <\/div>\n<\/div>\n<\/div>\n\n\n<div  class=\"blockSettings  paddingTopSM paddingBottomMD cardsQuickFluid light\" style=\"\"><div class=\"container\">\n        <div class=\"grid\">\n        <div class=\"col-sm-12 maincopy\">\n                <div class=\"introWithCta leftAlign\">\n            <div class=\"mainCopyWrap\">\n            <h2>Ensayos cl\u00ednicos y documentos de investigaci\u00f3n<\/h2>\n        <\/div>\n        <\/div>\n            <\/div>\n\n\n\n    <\/div>\n                <div class=\"blockSeparator\"><\/div>\n        <div class=\"grid\" role=\"list\">\n                                        <div class=\"col-sm-6 col-lg-auto\" role=\"listitem\">\n                        <a href=\"\/wp-content\/uploads\/sites\/5\/2025\/08\/Oncology-Active-Trials-30JUL2025.pdf\" target=\"_blank\" class=\"quick-link\" style=\"\">\n                                                        <span lang=\"en\">Ensayos cl\u00ednicos activos 7.30.25<\/span>\n                            <i class=\"fa-solid fa-arrow-up-right\"><\/i>\n                        <\/a>\n                    <\/div>\n                                \n                                        <\/div>\n<\/div>\n<\/div>","protected":false},"excerpt":{"rendered":"","protected":false},"author":5,"featured_media":0,"parent":0,"menu_order":0,"comment_status":"closed","ping_status":"closed","template":"","meta":{"_acf_changed":false,"footnotes":""},"class_list":["post-1875","page","type-page","status-publish","hentry"],"acf":[],"yoast_head":"<!-- This site is optimized with the Yoast SEO plugin v26.0 - https:\/\/yoast.com\/wordpress\/plugins\/seo\/ -->\n<title>Clinical Trials and Research - Cancer Care<\/title>\n<meta name=\"description\" content=\"Clinical trials at Southcoast Health give cancer patients early access to groundbreaking treatments and help move cancer care forward for everyone.\" \/>\n<meta name=\"robots\" content=\"index, follow, max-snippet:-1, max-image-preview:large, max-video-preview:-1\" \/>\n<link rel=\"canonical\" href=\"https:\/\/cancer.southcoast.org\/es\/clinical-trials-and-research\/\" \/>\n<meta property=\"og:locale\" content=\"es_MX\" \/>\n<meta property=\"og:type\" content=\"article\" \/>\n<meta property=\"og:title\" content=\"Clinical Trials and Research - Cancer Care\" \/>\n<meta property=\"og:description\" content=\"Clinical trials at Southcoast Health give cancer patients early access to groundbreaking treatments and help move cancer care forward for everyone.\" \/>\n<meta property=\"og:url\" content=\"https:\/\/cancer.southcoast.org\/es\/clinical-trials-and-research\/\" \/>\n<meta property=\"og:site_name\" content=\"Cancer Care\" \/>\n<meta property=\"article:modified_time\" content=\"2025-10-02T05:01:23+00:00\" \/>\n<meta name=\"twitter:card\" content=\"summary_large_image\" \/>\n<script type=\"application\/ld+json\" class=\"yoast-schema-graph\">{\"@context\":\"https:\/\/schema.org\",\"@graph\":[{\"@type\":\"WebPage\",\"@id\":\"https:\/\/cancer.southcoast.org\/clinical-trials-and-research\/\",\"url\":\"https:\/\/cancer.southcoast.org\/clinical-trials-and-research\/\",\"name\":\"Clinical Trials and Research - Cancer Care\",\"isPartOf\":{\"@id\":\"https:\/\/cancer.southcoast.org\/#website\"},\"datePublished\":\"2025-05-12T17:54:30+00:00\",\"dateModified\":\"2025-10-02T05:01:23+00:00\",\"description\":\"Clinical trials at Southcoast Health give cancer patients early access to groundbreaking treatments and help move cancer care forward for everyone.\",\"breadcrumb\":{\"@id\":\"https:\/\/cancer.southcoast.org\/clinical-trials-and-research\/#breadcrumb\"},\"inLanguage\":\"es-MX\",\"potentialAction\":[{\"@type\":\"ReadAction\",\"target\":[\"https:\/\/cancer.southcoast.org\/clinical-trials-and-research\/\"]}]},{\"@type\":\"BreadcrumbList\",\"@id\":\"https:\/\/cancer.southcoast.org\/clinical-trials-and-research\/#breadcrumb\",\"itemListElement\":[{\"@type\":\"ListItem\",\"position\":1,\"name\":\"\",\"item\":\"https:\/\/cancer.southcoast.org\/\"},{\"@type\":\"ListItem\",\"position\":2,\"name\":\"Clinical Trials and Research\"}]},{\"@type\":\"WebSite\",\"@id\":\"https:\/\/cancer.southcoast.org\/#website\",\"url\":\"https:\/\/cancer.southcoast.org\/\",\"name\":\"Cancer Care\",\"description\":\"\",\"potentialAction\":[{\"@type\":\"SearchAction\",\"target\":{\"@type\":\"EntryPoint\",\"urlTemplate\":\"https:\/\/cancer.southcoast.org\/?s={search_term_string}\"},\"query-input\":{\"@type\":\"PropertyValueSpecification\",\"valueRequired\":true,\"valueName\":\"search_term_string\"}}],\"inLanguage\":\"es-MX\"}]}<\/script>\n<!-- \/ Yoast SEO plugin. -->","yoast_head_json":{"title":"Clinical Trials and Research - Cancer Care","description":"Clinical trials at Southcoast Health give cancer patients early access to groundbreaking treatments and help move cancer care forward for everyone.","robots":{"index":"index","follow":"follow","max-snippet":"max-snippet:-1","max-image-preview":"max-image-preview:large","max-video-preview":"max-video-preview:-1"},"canonical":"https:\/\/cancer.southcoast.org\/es\/clinical-trials-and-research\/","og_locale":"es_MX","og_type":"article","og_title":"Clinical Trials and Research - Cancer Care","og_description":"Clinical trials at Southcoast Health give cancer patients early access to groundbreaking treatments and help move cancer care forward for everyone.","og_url":"https:\/\/cancer.southcoast.org\/es\/clinical-trials-and-research\/","og_site_name":"Cancer Care","article_modified_time":"2025-10-02T05:01:23+00:00","twitter_card":"summary_large_image","schema":{"@context":"https:\/\/schema.org","@graph":[{"@type":"WebPage","@id":"https:\/\/cancer.southcoast.org\/clinical-trials-and-research\/","url":"https:\/\/cancer.southcoast.org\/clinical-trials-and-research\/","name":"Clinical Trials and Research - Cancer Care","isPartOf":{"@id":"https:\/\/cancer.southcoast.org\/#website"},"datePublished":"2025-05-12T17:54:30+00:00","dateModified":"2025-10-02T05:01:23+00:00","description":"Clinical trials at Southcoast Health give cancer patients early access to groundbreaking treatments and help move cancer care forward for everyone.","breadcrumb":{"@id":"https:\/\/cancer.southcoast.org\/clinical-trials-and-research\/#breadcrumb"},"inLanguage":"es-MX","potentialAction":[{"@type":"ReadAction","target":["https:\/\/cancer.southcoast.org\/clinical-trials-and-research\/"]}]},{"@type":"BreadcrumbList","@id":"https:\/\/cancer.southcoast.org\/clinical-trials-and-research\/#breadcrumb","itemListElement":[{"@type":"ListItem","position":1,"name":"","item":"https:\/\/cancer.southcoast.org\/"},{"@type":"ListItem","position":2,"name":"Clinical Trials and Research"}]},{"@type":"WebSite","@id":"https:\/\/cancer.southcoast.org\/#website","url":"https:\/\/cancer.southcoast.org\/","name":"Atenci\u00f3n oncol\u00f3gica","description":"","potentialAction":[{"@type":"SearchAction","target":{"@type":"EntryPoint","urlTemplate":"https:\/\/cancer.southcoast.org\/?s={search_term_string}"},"query-input":{"@type":"PropertyValueSpecification","valueRequired":true,"valueName":"search_term_string"}}],"inLanguage":"es-MX"}]}},"_links":{"self":[{"href":"https:\/\/cancer.southcoast.org\/es\/wp-json\/wp\/v2\/pages\/1875","targetHints":{"allow":["GET"]}}],"collection":[{"href":"https:\/\/cancer.southcoast.org\/es\/wp-json\/wp\/v2\/pages"}],"about":[{"href":"https:\/\/cancer.southcoast.org\/es\/wp-json\/wp\/v2\/types\/page"}],"author":[{"embeddable":true,"href":"https:\/\/cancer.southcoast.org\/es\/wp-json\/wp\/v2\/users\/5"}],"replies":[{"embeddable":true,"href":"https:\/\/cancer.southcoast.org\/es\/wp-json\/wp\/v2\/comments?post=1875"}],"version-history":[{"count":26,"href":"https:\/\/cancer.southcoast.org\/es\/wp-json\/wp\/v2\/pages\/1875\/revisions"}],"predecessor-version":[{"id":3086,"href":"https:\/\/cancer.southcoast.org\/es\/wp-json\/wp\/v2\/pages\/1875\/revisions\/3086"}],"wp:attachment":[{"href":"https:\/\/cancer.southcoast.org\/es\/wp-json\/wp\/v2\/media?parent=1875"}],"curies":[{"name":"wp","href":"https:\/\/api.w.org\/{rel}","templated":true}]}}